{"id":2012,"date":"2019-04-03T00:48:14","date_gmt":"2019-04-02T22:48:14","guid":{"rendered":"https:\/\/www.photographe-corporate.net\/company-portrait\/"},"modified":"2023-02-27T17:41:24","modified_gmt":"2023-02-27T16:41:24","slug":"company-portrait","status":"publish","type":"page","link":"https:\/\/www.photographe-corporate.net\/en\/company-portrait\/","title":{"rendered":"Company portrait"},"content":{"rendered":"\n<h2 class=\"wp-block-heading\">Portfolio of corporate portraits<\/h2>\n\n<div class=\"wp-block-buttons is-content-justification-center is-layout-flex wp-container-core-buttons-is-layout-16018d1d wp-block-buttons-is-layout-flex\">\n<div class=\"wp-block-button has-custom-width wp-block-button__width-50 has-custom-font-size is-style-fill has-medium-font-size\" id=\"choix-simulateur\"><a class=\"wp-block-button__link has-black-color has-light-green-cyan-background-color has-text-color has-background wp-element-button\" href=\"https:\/\/www.photographe-corporate.net\/choix-simulateurs-de-prix-tarif-photographe-corporate\/\" style=\"border-radius:8px\" rel=\"https:\/\/www.photographe-corporate.net\/choix-simulateurs-de-prix-tarif-photographe-corporate\/\">Simulate your quote now<\/a><\/div>\n<\/div>\n\n<div class=\"wp-block-columns has-2-columns is-layout-flex wp-container-core-columns-is-layout-9d6595d7 wp-block-columns-is-layout-flex\">\n<div class=\"wp-block-column is-layout-flow wp-block-column-is-layout-flow\">\n<figure class=\"wp-block-image\"><a href=\"https:\/\/www.photographe-corporate.net\/wp-content\/uploads\/2019\/04\/salarie_photographe_corporate-2.jpg\"><img decoding=\"async\" width=\"500\" height=\"750\" data-src=\"http:\/\/www.photographe-corporate.net\/wp-content\/uploads\/2019\/04\/salarie_photographe_corporate-2.jpg\" alt=\"\" class=\"wp-image-374 lazyload\" data-srcset=\"https:\/\/www.photographe-corporate.net\/wp-content\/uploads\/2019\/04\/salarie_photographe_corporate-2.jpg 500w, https:\/\/www.photographe-corporate.net\/wp-content\/uploads\/2019\/04\/salarie_photographe_corporate-2-200x300.jpg 200w, https:\/\/www.photographe-corporate.net\/wp-content\/uploads\/2019\/04\/salarie_photographe_corporate-2-267x400.jpg 267w\" data-sizes=\"(max-width: 500px) 100vw, 500px\" src=\"data:image\/svg+xml;base64,PHN2ZyB3aWR0aD0iMSIgaGVpZ2h0PSIxIiB4bWxucz0iaHR0cDovL3d3dy53My5vcmcvMjAwMC9zdmciPjwvc3ZnPg==\" style=\"--smush-placeholder-width: 500px; --smush-placeholder-aspect-ratio: 500\/750;\" \/><\/a><\/figure><\/div>\n\n\n\n<div class=\"wp-block-column is-layout-flow wp-block-column-is-layout-flow\">\n<figure class=\"wp-block-image size-full\"><a href=\"https:\/\/www.photographe-corporate.net\/wp-content\/uploads\/2019\/10\/20_Web_SD_Isabelle_Castellanet_Sophrologue.jpg\"><img decoding=\"async\" width=\"508\" height=\"762\" data-src=\"https:\/\/www.photographe-corporate.net\/wp-content\/uploads\/2019\/10\/20_Web_SD_Isabelle_Castellanet_Sophrologue.jpg\" alt=\"corporate portrait\" class=\"wp-image-941 lazyload\" data-srcset=\"https:\/\/www.photographe-corporate.net\/wp-content\/uploads\/2019\/10\/20_Web_SD_Isabelle_Castellanet_Sophrologue.jpg 508w, https:\/\/www.photographe-corporate.net\/wp-content\/uploads\/2019\/10\/20_Web_SD_Isabelle_Castellanet_Sophrologue-200x300.jpg 200w, https:\/\/www.photographe-corporate.net\/wp-content\/uploads\/2019\/10\/20_Web_SD_Isabelle_Castellanet_Sophrologue-267x400.jpg 267w\" data-sizes=\"(max-width: 508px) 100vw, 508px\" src=\"data:image\/svg+xml;base64,PHN2ZyB3aWR0aD0iMSIgaGVpZ2h0PSIxIiB4bWxucz0iaHR0cDovL3d3dy53My5vcmcvMjAwMC9zdmciPjwvc3ZnPg==\" style=\"--smush-placeholder-width: 508px; --smush-placeholder-aspect-ratio: 508\/762;\" \/><\/a><\/figure><\/div>\n<\/div>\n\n<div class=\"wp-block-columns has-2-columns is-layout-flex wp-container-core-columns-is-layout-9d6595d7 wp-block-columns-is-layout-flex\">\n<div class=\"wp-block-column is-layout-flow wp-block-column-is-layout-flow\">\n<figure class=\"wp-block-image size-large\"><a href=\"https:\/\/www.photographe-corporate.net\/wp-content\/uploads\/2022\/12\/photo-corporate-scaled.jpg\"><img decoding=\"async\" width=\"683\" height=\"1024\" data-src=\"https:\/\/www.photographe-corporate.net\/wp-content\/uploads\/2022\/12\/photo-corporate-683x1024.jpg\" alt=\"corporate photo\" class=\"wp-image-1359 lazyload\" data-srcset=\"https:\/\/www.photographe-corporate.net\/wp-content\/uploads\/2022\/12\/photo-corporate-683x1024.jpg 683w, https:\/\/www.photographe-corporate.net\/wp-content\/uploads\/2022\/12\/photo-corporate-200x300.jpg 200w, https:\/\/www.photographe-corporate.net\/wp-content\/uploads\/2022\/12\/photo-corporate-768x1152.jpg 768w, https:\/\/www.photographe-corporate.net\/wp-content\/uploads\/2022\/12\/photo-corporate-scaled.jpg 1707w\" data-sizes=\"(max-width: 683px) 100vw, 683px\" src=\"data:image\/svg+xml;base64,PHN2ZyB3aWR0aD0iMSIgaGVpZ2h0PSIxIiB4bWxucz0iaHR0cDovL3d3dy53My5vcmcvMjAwMC9zdmciPjwvc3ZnPg==\" style=\"--smush-placeholder-width: 683px; --smush-placeholder-aspect-ratio: 683\/1024;\" \/><\/a><\/figure><\/div>\n\n\n\n<div class=\"wp-block-column is-layout-flow wp-block-column-is-layout-flow\">\n<figure class=\"wp-block-image\"><a href=\"https:\/\/www.photographe-corporate.net\/wp-content\/uploads\/2019\/02\/01-Daniel-Julien-MERCIER-Com&#xE9;dien-NB-HD-1.jpg\"><img decoding=\"async\" data-src=\"http:\/\/www.photographe-corporate.net\/wp-content\/uploads\/2019\/02\/01-Daniel-Julien-MERCIER-Com&#xE9;dien-NB-HD-1-683x1024.jpg\" alt=\"\" class=\"wp-image-75 lazyload\" src=\"data:image\/svg+xml;base64,PHN2ZyB3aWR0aD0iMSIgaGVpZ2h0PSIxIiB4bWxucz0iaHR0cDovL3d3dy53My5vcmcvMjAwMC9zdmciPjwvc3ZnPg==\" style=\"--smush-placeholder-width: 683px; --smush-placeholder-aspect-ratio: 683\/1024;\" \/><\/a><\/figure><\/div>\n<\/div>\n\n<div class=\"wp-block-columns has-2-columns is-layout-flex wp-container-core-columns-is-layout-9d6595d7 wp-block-columns-is-layout-flex\">\n<div class=\"wp-block-column is-layout-flow wp-block-column-is-layout-flow\">\n<figure class=\"wp-block-image\"><a href=\"https:\/\/www.photographe-corporate.net\/wp-content\/uploads\/2019\/02\/IMG_1783.jpg\"><img decoding=\"async\" width=\"683\" height=\"1024\" data-src=\"http:\/\/www.photographe-corporate.net\/wp-content\/uploads\/2019\/02\/IMG_1783-683x1024.jpg\" alt=\"corporate photographer executive committee\" class=\"wp-image-85 lazyload\" data-srcset=\"https:\/\/www.photographe-corporate.net\/wp-content\/uploads\/2019\/02\/IMG_1783-683x1024.jpg 683w, https:\/\/www.photographe-corporate.net\/wp-content\/uploads\/2019\/02\/IMG_1783-200x300.jpg 200w, https:\/\/www.photographe-corporate.net\/wp-content\/uploads\/2019\/02\/IMG_1783-768x1152.jpg 768w, https:\/\/www.photographe-corporate.net\/wp-content\/uploads\/2019\/02\/IMG_1783-700x1050.jpg 700w, https:\/\/www.photographe-corporate.net\/wp-content\/uploads\/2019\/02\/IMG_1783-2000x3000.jpg 2000w, https:\/\/www.photographe-corporate.net\/wp-content\/uploads\/2019\/02\/IMG_1783-267x400.jpg 267w\" data-sizes=\"(max-width: 683px) 100vw, 683px\" src=\"data:image\/svg+xml;base64,PHN2ZyB3aWR0aD0iMSIgaGVpZ2h0PSIxIiB4bWxucz0iaHR0cDovL3d3dy53My5vcmcvMjAwMC9zdmciPjwvc3ZnPg==\" style=\"--smush-placeholder-width: 683px; --smush-placeholder-aspect-ratio: 683\/1024;\" \/><\/a><\/figure><\/div>\n\n\n\n<div class=\"wp-block-column is-layout-flow wp-block-column-is-layout-flow\">\n<figure class=\"wp-block-image size-large\"><a href=\"https:\/\/www.photographe-corporate.net\/wp-content\/uploads\/2019\/10\/01_collaborateur_couleur.jpg\"><img decoding=\"async\" width=\"682\" height=\"1024\" data-src=\"https:\/\/www.photographe-corporate.net\/wp-content\/uploads\/2019\/10\/01_collaborateur_couleur-682x1024.jpg\" alt=\"corporate photo\" class=\"wp-image-929 lazyload\" data-srcset=\"https:\/\/www.photographe-corporate.net\/wp-content\/uploads\/2019\/10\/01_collaborateur_couleur-682x1024.jpg 682w, https:\/\/www.photographe-corporate.net\/wp-content\/uploads\/2019\/10\/01_collaborateur_couleur-200x300.jpg 200w, https:\/\/www.photographe-corporate.net\/wp-content\/uploads\/2019\/10\/01_collaborateur_couleur-768x1152.jpg 768w, https:\/\/www.photographe-corporate.net\/wp-content\/uploads\/2019\/10\/01_collaborateur_couleur-700x1050.jpg 700w, https:\/\/www.photographe-corporate.net\/wp-content\/uploads\/2019\/10\/01_collaborateur_couleur-267x400.jpg 267w, https:\/\/www.photographe-corporate.net\/wp-content\/uploads\/2019\/10\/01_collaborateur_couleur.jpg 825w\" data-sizes=\"(max-width: 682px) 100vw, 682px\" src=\"data:image\/svg+xml;base64,PHN2ZyB3aWR0aD0iMSIgaGVpZ2h0PSIxIiB4bWxucz0iaHR0cDovL3d3dy53My5vcmcvMjAwMC9zdmciPjwvc3ZnPg==\" style=\"--smush-placeholder-width: 682px; --smush-placeholder-aspect-ratio: 682\/1024;\" \/><\/a><\/figure><\/div>\n<\/div>\n\n<p class=\"has-text-align-left\" style=\"font-size:14px\">Having your <strong>corporate portraits<\/strong> taken by a professional corporate photographer is to ensure consistency and harmony which are the keys to success for your communication. Make sure you get photos that respect your corporate culture and your graphic charter within a global vision that allows your audience to quickly identify who you are and what you do. I am your <strong><a href=\"https:\/\/www.photographe-corporate.net\/en\/\" data-type=\"URL\" data-id=\"https:\/\/www.photographe-corporate.net\/en\/\">corporate photographer<\/a> for <a href=\"https:\/\/www.photographe-corporate.net\/en\/\" data-type=\"URL\" data-id=\"https:\/\/www.photographe-corporate.net\/en\/\">corporate photography<\/a><\/strong>, and wherever you may need corporate photos, I go on location with my equipment, for photo shoots in natural or constructed light. Tell me about your business activity and I will advise you, thanks to my vision as a <a href=\"https:\/\/www.photographe-corporate.net\/en\/\" data-type=\"URL\" data-id=\"https:\/\/www.photographe-corporate.net\/en\/\">corporate photographer<\/a>, on the photographic codes that convey many messages through corporate portrait photos.<\/p>\n\n<h6 class=\"has-text-align-center wp-block-heading\"><strong><a href=\"https:\/\/www.photographe-corporate.net\/en\/pictures-of-business-store\/\">SEE THE PHOTOS OF THE SHOP<\/a><\/strong><\/h6>\n\n<div class=\"wp-block-columns has-2-columns is-layout-flex wp-container-core-columns-is-layout-9d6595d7 wp-block-columns-is-layout-flex\">\n<div class=\"wp-block-column is-layout-flow wp-block-column-is-layout-flow\"><div class=\"wp-block-image\">\n<figure class=\"alignright size-full\"><a href=\"https:\/\/www.photographe-corporate.net\/en\/pictures-of-business-store\/\"><img decoding=\"async\" width=\"500\" height=\"750\" data-src=\"https:\/\/www.photographe-corporate.net\/wp-content\/uploads\/2019\/04\/boutique_commerce-72-dpi-10.jpg\" alt=\"\" class=\"wp-image-364 lazyload\" data-srcset=\"https:\/\/www.photographe-corporate.net\/wp-content\/uploads\/2019\/04\/boutique_commerce-72-dpi-10.jpg 500w, https:\/\/www.photographe-corporate.net\/wp-content\/uploads\/2019\/04\/boutique_commerce-72-dpi-10-200x300.jpg 200w, https:\/\/www.photographe-corporate.net\/wp-content\/uploads\/2019\/04\/boutique_commerce-72-dpi-10-267x400.jpg 267w\" data-sizes=\"(max-width: 500px) 100vw, 500px\" src=\"data:image\/svg+xml;base64,PHN2ZyB3aWR0aD0iMSIgaGVpZ2h0PSIxIiB4bWxucz0iaHR0cDovL3d3dy53My5vcmcvMjAwMC9zdmciPjwvc3ZnPg==\" style=\"--smush-placeholder-width: 500px; --smush-placeholder-aspect-ratio: 500\/750;\" \/><\/a><\/figure><\/div><\/div>\n\n\n\n<div class=\"wp-block-column is-layout-flow wp-block-column-is-layout-flow\"><div class=\"wp-block-image\">\n<figure class=\"alignleft size-full\"><a href=\"https:\/\/www.photographe-corporate.net\/en\/pictures-of-business-store\/\"><img decoding=\"async\" width=\"500\" height=\"750\" data-src=\"https:\/\/www.photographe-corporate.net\/wp-content\/uploads\/2019\/04\/boutique_commerce-72-dpi-11.jpg\" alt=\"\" class=\"wp-image-365 lazyload\" data-srcset=\"https:\/\/www.photographe-corporate.net\/wp-content\/uploads\/2019\/04\/boutique_commerce-72-dpi-11.jpg 500w, https:\/\/www.photographe-corporate.net\/wp-content\/uploads\/2019\/04\/boutique_commerce-72-dpi-11-200x300.jpg 200w, https:\/\/www.photographe-corporate.net\/wp-content\/uploads\/2019\/04\/boutique_commerce-72-dpi-11-267x400.jpg 267w\" data-sizes=\"(max-width: 500px) 100vw, 500px\" src=\"data:image\/svg+xml;base64,PHN2ZyB3aWR0aD0iMSIgaGVpZ2h0PSIxIiB4bWxucz0iaHR0cDovL3d3dy53My5vcmcvMjAwMC9zdmciPjwvc3ZnPg==\" style=\"--smush-placeholder-width: 500px; --smush-placeholder-aspect-ratio: 500\/750;\" \/><\/a><\/figure><\/div><\/div>\n<\/div>\n\n<p class=\"has-text-align-center has-vivid-cyan-blue-color has-very-light-gray-background-color has-text-color has-background\" style=\"font-size:14px\"><a href=\"https:\/\/www.photographe-corporate.net\/en\/pictures-of-business-store\/\" data-type=\"URL\" data-id=\"https:\/\/www.photographe-corporate.net\/photo-commerce\/\">Photo Commerce and Boutique<\/a><\/p>\n<div class=\"fm-message fm-notice-error\">The form you are trying to view does not have Embedded display type.<\/div>\n","protected":false},"excerpt":{"rendered":"<p>Portfolio of corporate portraits Having your corporate portraits taken by a professional corporate photographer is to ensure consistency and harmony which are the keys to success for your communication. Make sure you get photos that respect your corporate culture and your graphic charter within a global vision that allows your audience to quickly identify who &hellip; <a href=\"https:\/\/www.photographe-corporate.net\/en\/company-portrait\/\" class=\"more-link\">Continue reading <span class=\"screen-reader-text\">Company portrait<\/span> <span class=\"meta-nav\">&rarr;<\/span><\/a><\/p>\n","protected":false},"author":1,"featured_media":0,"parent":0,"menu_order":0,"comment_status":"closed","ping_status":"closed","template":"","meta":{"_seopress_robots_primary_cat":"","_seopress_titles_title":" %%post_title%% -  Vincent Kem Photographe","_seopress_titles_desc":"Faites r\u00e9aliser vos photos professionnelles par un photographe de portrait d&#039;entreprise. Donnez de la coh\u00e9rence dans votre communication globale d&#039;entreprise en int\u00e9grant des photos qui respectent des codes m\u00e9tiers et votre culture d&#039;entreprise. Parlez moi de vous d&#039;abord et de ce que vous faites.","_seopress_robots_index":"","footnotes":""},"class_list":["post-2012","page","type-page","status-publish","hentry"],"_links":{"self":[{"href":"https:\/\/www.photographe-corporate.net\/en\/wp-json\/wp\/v2\/pages\/2012","targetHints":{"allow":["GET"]}}],"collection":[{"href":"https:\/\/www.photographe-corporate.net\/en\/wp-json\/wp\/v2\/pages"}],"about":[{"href":"https:\/\/www.photographe-corporate.net\/en\/wp-json\/wp\/v2\/types\/page"}],"author":[{"embeddable":true,"href":"https:\/\/www.photographe-corporate.net\/en\/wp-json\/wp\/v2\/users\/1"}],"replies":[{"embeddable":true,"href":"https:\/\/www.photographe-corporate.net\/en\/wp-json\/wp\/v2\/comments?post=2012"}],"version-history":[{"count":6,"href":"https:\/\/www.photographe-corporate.net\/en\/wp-json\/wp\/v2\/pages\/2012\/revisions"}],"predecessor-version":[{"id":2223,"href":"https:\/\/www.photographe-corporate.net\/en\/wp-json\/wp\/v2\/pages\/2012\/revisions\/2223"}],"wp:attachment":[{"href":"https:\/\/www.photographe-corporate.net\/en\/wp-json\/wp\/v2\/media?parent=2012"}],"curies":[{"name":"wp","href":"https:\/\/api.w.org\/{rel}","templated":true}]}}