{"id":2020,"date":"2022-12-01T18:47:22","date_gmt":"2022-12-01T17:47:22","guid":{"rendered":"https:\/\/www.photographe-corporate.net\/home\/corporate-photographer-rate\/"},"modified":"2023-02-27T18:13:00","modified_gmt":"2023-02-27T17:13:00","slug":"corporate-photographer-rate","status":"publish","type":"page","link":"https:\/\/www.photographe-corporate.net\/en\/home\/corporate-photographer-rate\/","title":{"rendered":"CORPORATE PHOTOGRAPHER RATE"},"content":{"rendered":"\n<h1 class=\"wp-block-heading\">CORPORATE PHOTO PRICE SIMULATOR<\/h1>\n\n<p class=\"has-text-align-center has-vivid-cyan-blue-color has-text-color\"><strong>Step 1 : Choose the version of the simulator that concerns you<\/strong><\/p>\n\n<div class=\"wp-block-buttons has-custom-font-size has-small-font-size is-layout-flex wp-block-buttons-is-layout-flex\">\n<div class=\"wp-block-button aligncenter has-custom-width wp-block-button__width-100 has-custom-font-size is-style-fill has-medium-font-size\"><a class=\"wp-block-button__link has-black-color has-light-green-cyan-background-color has-text-color has-background wp-element-button\" href=\"https:\/\/www.photographe-corporate.net\/choix-simulateurs-de-prix-tarif-photographe-corporate\/simulateur-de-prix-particuliers\/\" style=\"border-radius:10px\">Individuals<\/a><\/div>\n<\/div>\n\n<hr class=\"wp-block-separator has-alpha-channel-opacity is-style-dots\"\/>\n\n<div class=\"wp-block-buttons is-layout-flex wp-block-buttons-is-layout-flex\">\n<div class=\"wp-block-button aligncenter has-custom-width wp-block-button__width-100 has-custom-font-size is-style-fill has-medium-font-size\"><a class=\"wp-block-button__link has-black-color has-light-green-cyan-background-color has-text-color has-background wp-element-button\" href=\"https:\/\/www.photographe-corporate.net\/choix-simulateurs-de-prix-tarif-photographe-corporate\/simulateur-de-prix-independants\/\" style=\"border-radius:10px\">Self-employed \/ Self-employed<\/a><\/div>\n<\/div>\n\n<hr class=\"wp-block-separator has-alpha-channel-opacity is-style-dots\"\/>\n\n<div class=\"wp-block-buttons is-layout-flex wp-block-buttons-is-layout-flex\">\n<div class=\"wp-block-button aligncenter has-custom-width wp-block-button__width-100 has-custom-font-size is-style-fill has-medium-font-size\"><a class=\"wp-block-button__link has-black-color has-light-green-cyan-background-color has-text-color has-background wp-element-button\" href=\"https:\/\/www.photographe-corporate.net\/choix-simulateurs-de-prix-tarif-photographe-corporate\/simulateur-de-prix-tarif-entreprises-et-institutions\/\" style=\"border-radius:10px\">Companies \/ Institutions \/ Communities<\/a><\/div>\n<\/div>\n\n<hr class=\"wp-block-separator has-alpha-channel-opacity is-style-dots\"\/>\n\n<div class=\"wp-block-buttons is-layout-flex wp-block-buttons-is-layout-flex\">\n<div class=\"wp-block-button aligncenter has-custom-width wp-block-button__width-100 has-custom-font-size is-style-fill has-medium-font-size\"><a class=\"wp-block-button__link has-black-color has-light-green-cyan-background-color has-text-color has-background wp-element-button\" href=\"https:\/\/www.photographe-corporate.net\/choix-simulateurs-de-prix-tarif-photographe-corporate\/simulateur-de-prix-tarif-pour-evenementiels\/\" style=\"border-radius:10px\">Events<\/a><\/div>\n<\/div>\n\n<hr class=\"wp-block-separator has-alpha-channel-opacity is-style-dots\"\/>\n\n<p>You want to know immediately and precisely how much my <a rel=\"noreferrer noopener\" href=\"https:\/\/www.photographe-corporate.net\/en\/\" data-type=\"URL\" data-id=\"https:\/\/www.photographe-corporate.net\/en\/\" target=\"_blank\">corporate photographer<\/a> service costs for <a rel=\"noreferrer noopener\" href=\"https:\/\/www.photographe-corporate.net\/en\/\" data-type=\"URL\" data-id=\"https:\/\/www.photographe-corporate.net\/en\/\" target=\"_blank\">corporate photography<\/a> without wasting time? <strong>Use my price calculator, it simulates a quote in less than 1 min.<\/strong><\/p>\n","protected":false},"excerpt":{"rendered":"<p>CORPORATE PHOTO PRICE SIMULATOR Step 1 : Choose the version of the simulator that concerns you You want to know immediately and precisely how much my corporate photographer service costs for corporate photography without wasting time? Use my price calculator, it simulates a quote in less than 1 min.<\/p>\n","protected":false},"author":1,"featured_media":0,"parent":2004,"menu_order":0,"comment_status":"closed","ping_status":"closed","template":"","meta":{"_seopress_robots_primary_cat":"","_seopress_titles_title":"%%post_title%%  %%sep%% Calculateur de prix instantan\u00e9","_seopress_titles_desc":"Vous voulez conna\u00eetre imm\u00e9diatement combien co\u00fbte la prestation d&#039;un photographe corporate en ayant le d\u00e9tail d&#039;un tarif photographe corporate sans avoir \u00e0 envoyer un mail et attendre ? Pas de temps \u00e0 perdre pour faire de la photo corporate, simulez instantan\u00e9ment combien co\u00fbte la prestation demand\u00e9e pour les particuliers, les ind\u00e9pendants, les entreprises et institutions, que \u00e7a soit pour du portrait, du photo reportage ou de l&#039;\u00e9v\u00e8nementiel. Dur\u00e9e : 1min.","_seopress_robots_index":"","_seopress_analysis_target_kw":"","footnotes":""},"class_list":["post-2020","page","type-page","status-publish","hentry"],"_links":{"self":[{"href":"https:\/\/www.photographe-corporate.net\/en\/wp-json\/wp\/v2\/pages\/2020","targetHints":{"allow":["GET"]}}],"collection":[{"href":"https:\/\/www.photographe-corporate.net\/en\/wp-json\/wp\/v2\/pages"}],"about":[{"href":"https:\/\/www.photographe-corporate.net\/en\/wp-json\/wp\/v2\/types\/page"}],"author":[{"embeddable":true,"href":"https:\/\/www.photographe-corporate.net\/en\/wp-json\/wp\/v2\/users\/1"}],"replies":[{"embeddable":true,"href":"https:\/\/www.photographe-corporate.net\/en\/wp-json\/wp\/v2\/comments?post=2020"}],"version-history":[{"count":6,"href":"https:\/\/www.photographe-corporate.net\/en\/wp-json\/wp\/v2\/pages\/2020\/revisions"}],"predecessor-version":[{"id":2293,"href":"https:\/\/www.photographe-corporate.net\/en\/wp-json\/wp\/v2\/pages\/2020\/revisions\/2293"}],"up":[{"embeddable":true,"href":"https:\/\/www.photographe-corporate.net\/en\/wp-json\/wp\/v2\/pages\/2004"}],"wp:attachment":[{"href":"https:\/\/www.photographe-corporate.net\/en\/wp-json\/wp\/v2\/media?parent=2020"}],"curies":[{"name":"wp","href":"https:\/\/api.w.org\/{rel}","templated":true}]}}